{"id":355,"date":"2019-06-06T10:05:32","date_gmt":"2019-06-06T10:05:32","guid":{"rendered":"http:\/\/alliance-preservation-forets.org\/?page_id=355"},"modified":"2019-07-12T12:41:10","modified_gmt":"2019-07-12T12:41:10","slug":"credits-legal-notice","status":"publish","type":"page","link":"https:\/\/alliance-preservation-forets.org\/en\/credits-legal-notice\/","title":{"rendered":"Credits &#038; Legal Notice"},"content":{"rendered":"\n<h2 class=\"wp-block-heading\">Credits &amp; Legal notice<\/h2>\n\n\n\n<p>The Alliance pour la Pr\u00e9servation des For\u00eats website is aimed at members of the alliance, the general public, students and journalists.<\/p>\n\n\n\n<p> The information provided at www.alliance-preservation-forets.org is intended for information purposes only and carries no legal obligation or contractual agreement on the part of the Alliance pour la Pr\u00e9servation des For\u00eats, which also reserves the right to amend the features of the website.<br><br> Publisher: Alliance pour la Pr\u00e9servation des For\u00eats<br><br> Head office: 9 boulevard Malesherbes, 75008 Paris<br><br> A non-profit organisation<br><br> SIRET n\u00b0: 801 053 398 00013<br><br> Director of Publication: Alliance pour la Pr\u00e9servation des For\u00eats<br><br> E-mail: <a href=\"mailto:contact@alliance-preservation-forets.org\">contact@alliance-preservation-forets.org<\/a><br><br> Host: OVH<br><br> Head office: 2 rue Kellermann, 59100 Roubaix<\/p>\n\n\n\n<h6 class=\"wp-block-heading\">COOKIES<\/h6>\n\n\n\n<p>Users of the site are informed that whilst accessing the site, information may be temporarily stored in the memory or on the hard drive in order to optimise and customise their browsing experience.<br><br> Individual Internet-users can configure their web browser settings to reject cookies. This may mean that some of the functionalities of the site are no longer accessible.<\/p>\n\n\n\n<h6 class=\"wp-block-heading\">CREDITS<\/h6>\n\n\n\n<p>The website <a href=\"http:\/\/www.alliance-preservation-forets.org\">www.alliance-preservation-forets.org<\/a> was designed by digital communications agency <a href=\"https:\/\/148.fr\/\">Agence 148<\/a>.<\/p>\n","protected":false},"excerpt":{"rendered":"<p>Credits &amp; Legal notice The Alliance pour la Pr\u00e9servation des For\u00eats website is aimed at members of the alliance, the general public, students and journalists. The information provided at www.alliance-preservation-forets.org is intended for information purposes only and carries no legal obligation or contractual agreement on the part of the Alliance pour la Pr\u00e9servation des For\u00eats, &hellip; <a href=\"https:\/\/alliance-preservation-forets.org\/en\/credits-legal-notice\/\">Continued<\/a><\/p>\n","protected":false},"author":3,"featured_media":342,"parent":0,"menu_order":0,"comment_status":"closed","ping_status":"closed","template":"views\/template-privacy.blade.php","meta":{"footnotes":""},"class_list":["post-355","page","type-page","status-publish","has-post-thumbnail","hentry"],"yoast_head":"<!-- This site is optimized with the Yoast SEO plugin v20.9 - https:\/\/yoast.com\/wordpress\/plugins\/seo\/ -->\n<title>Credits &amp; Legal Notice - Alliance Preservation Forests<\/title>\n<meta name=\"description\" content=\"Discover our credits and legal notice.\" \/>\n<meta name=\"robots\" content=\"index, follow, max-snippet:-1, max-image-preview:large, max-video-preview:-1\" \/>\n<link rel=\"canonical\" href=\"https:\/\/alliance-preservation-forets.org\/en\/credits-legal-notice\/\" \/>\n<meta property=\"og:locale\" content=\"en_US\" \/>\n<meta property=\"og:type\" content=\"article\" \/>\n<meta property=\"og:title\" content=\"Credits &amp; Legal Notice - Alliance Preservation Forests\" \/>\n<meta property=\"og:description\" content=\"Discover our credits and legal notice.\" \/>\n<meta property=\"og:url\" content=\"https:\/\/alliance-preservation-forets.org\/en\/credits-legal-notice\/\" \/>\n<meta property=\"og:site_name\" content=\"Alliance Preservation Forests\" \/>\n<meta property=\"article:modified_time\" content=\"2019-07-12T12:41:10+00:00\" \/>\n<meta property=\"og:image\" content=\"https:\/\/alliance-preservation-forets.org\/app\/uploads\/2019\/06\/privacy-policy.jpg\" \/>\n\t<meta property=\"og:image:width\" content=\"1440\" \/>\n\t<meta property=\"og:image:height\" content=\"350\" \/>\n\t<meta property=\"og:image:type\" content=\"image\/jpeg\" \/>\n<meta name=\"twitter:card\" content=\"summary_large_image\" \/>\n<meta name=\"twitter:label1\" content=\"Est. reading time\" \/>\n\t<meta name=\"twitter:data1\" content=\"1 minute\" \/>\n<script type=\"application\/ld+json\" class=\"yoast-schema-graph\">{\"@context\":\"https:\/\/schema.org\",\"@graph\":[{\"@type\":\"WebPage\",\"@id\":\"https:\/\/alliance-preservation-forets.org\/en\/credits-legal-notice\/\",\"url\":\"https:\/\/alliance-preservation-forets.org\/en\/credits-legal-notice\/\",\"name\":\"Credits & Legal Notice - Alliance Preservation Forests\",\"isPartOf\":{\"@id\":\"https:\/\/alliance-preservation-forets.org\/en\/#website\"},\"datePublished\":\"2019-06-06T10:05:32+00:00\",\"dateModified\":\"2019-07-12T12:41:10+00:00\",\"description\":\"Discover our credits and legal notice.\",\"breadcrumb\":{\"@id\":\"https:\/\/alliance-preservation-forets.org\/en\/credits-legal-notice\/#breadcrumb\"},\"inLanguage\":\"en-US\",\"potentialAction\":[{\"@type\":\"ReadAction\",\"target\":[\"https:\/\/alliance-preservation-forets.org\/en\/credits-legal-notice\/\"]}]},{\"@type\":\"BreadcrumbList\",\"@id\":\"https:\/\/alliance-preservation-forets.org\/en\/credits-legal-notice\/#breadcrumb\",\"itemListElement\":[{\"@type\":\"ListItem\",\"position\":1,\"name\":\"Home\",\"item\":\"https:\/\/alliance-preservation-forets.org\/en\/\"},{\"@type\":\"ListItem\",\"position\":2,\"name\":\"Credits &#038; Legal Notice\"}]},{\"@type\":\"WebSite\",\"@id\":\"https:\/\/alliance-preservation-forets.org\/en\/#website\",\"url\":\"https:\/\/alliance-preservation-forets.org\/en\/\",\"name\":\"Alliance Preservation Forests\",\"description\":\"Alliance Preservation Forests\",\"potentialAction\":[{\"@type\":\"SearchAction\",\"target\":{\"@type\":\"EntryPoint\",\"urlTemplate\":\"https:\/\/alliance-preservation-forets.org\/en\/?s={search_term_string}\"},\"query-input\":\"required name=search_term_string\"}],\"inLanguage\":\"en-US\"}]}<\/script>\n<!-- \/ Yoast SEO plugin. -->","yoast_head_json":{"title":"Credits & Legal Notice - Alliance Preservation Forests","description":"Discover our credits and legal notice.","robots":{"index":"index","follow":"follow","max-snippet":"max-snippet:-1","max-image-preview":"max-image-preview:large","max-video-preview":"max-video-preview:-1"},"canonical":"https:\/\/alliance-preservation-forets.org\/en\/credits-legal-notice\/","og_locale":"en_US","og_type":"article","og_title":"Credits & Legal Notice - Alliance Preservation Forests","og_description":"Discover our credits and legal notice.","og_url":"https:\/\/alliance-preservation-forets.org\/en\/credits-legal-notice\/","og_site_name":"Alliance Preservation Forests","article_modified_time":"2019-07-12T12:41:10+00:00","og_image":[{"width":1440,"height":350,"url":"https:\/\/alliance-preservation-forets.org\/app\/uploads\/2019\/06\/privacy-policy.jpg","type":"image\/jpeg"}],"twitter_card":"summary_large_image","twitter_misc":{"Est. reading time":"1 minute"},"schema":{"@context":"https:\/\/schema.org","@graph":[{"@type":"WebPage","@id":"https:\/\/alliance-preservation-forets.org\/en\/credits-legal-notice\/","url":"https:\/\/alliance-preservation-forets.org\/en\/credits-legal-notice\/","name":"Credits & Legal Notice - Alliance Preservation Forests","isPartOf":{"@id":"https:\/\/alliance-preservation-forets.org\/en\/#website"},"datePublished":"2019-06-06T10:05:32+00:00","dateModified":"2019-07-12T12:41:10+00:00","description":"Discover our credits and legal notice.","breadcrumb":{"@id":"https:\/\/alliance-preservation-forets.org\/en\/credits-legal-notice\/#breadcrumb"},"inLanguage":"en-US","potentialAction":[{"@type":"ReadAction","target":["https:\/\/alliance-preservation-forets.org\/en\/credits-legal-notice\/"]}]},{"@type":"BreadcrumbList","@id":"https:\/\/alliance-preservation-forets.org\/en\/credits-legal-notice\/#breadcrumb","itemListElement":[{"@type":"ListItem","position":1,"name":"Home","item":"https:\/\/alliance-preservation-forets.org\/en\/"},{"@type":"ListItem","position":2,"name":"Credits &#038; Legal Notice"}]},{"@type":"WebSite","@id":"https:\/\/alliance-preservation-forets.org\/en\/#website","url":"https:\/\/alliance-preservation-forets.org\/en\/","name":"Alliance Preservation Forests","description":"Alliance Preservation Forests","potentialAction":[{"@type":"SearchAction","target":{"@type":"EntryPoint","urlTemplate":"https:\/\/alliance-preservation-forets.org\/en\/?s={search_term_string}"},"query-input":"required name=search_term_string"}],"inLanguage":"en-US"}]}},"_links":{"self":[{"href":"https:\/\/alliance-preservation-forets.org\/en\/wp-json\/wp\/v2\/pages\/355","targetHints":{"allow":["GET"]}}],"collection":[{"href":"https:\/\/alliance-preservation-forets.org\/en\/wp-json\/wp\/v2\/pages"}],"about":[{"href":"https:\/\/alliance-preservation-forets.org\/en\/wp-json\/wp\/v2\/types\/page"}],"author":[{"embeddable":true,"href":"https:\/\/alliance-preservation-forets.org\/en\/wp-json\/wp\/v2\/users\/3"}],"replies":[{"embeddable":true,"href":"https:\/\/alliance-preservation-forets.org\/en\/wp-json\/wp\/v2\/comments?post=355"}],"version-history":[{"count":8,"href":"https:\/\/alliance-preservation-forets.org\/en\/wp-json\/wp\/v2\/pages\/355\/revisions"}],"predecessor-version":[{"id":457,"href":"https:\/\/alliance-preservation-forets.org\/en\/wp-json\/wp\/v2\/pages\/355\/revisions\/457"}],"wp:featuredmedia":[{"embeddable":true,"href":"https:\/\/alliance-preservation-forets.org\/en\/wp-json\/wp\/v2\/media\/342"}],"wp:attachment":[{"href":"https:\/\/alliance-preservation-forets.org\/en\/wp-json\/wp\/v2\/media?parent=355"}],"curies":[{"name":"wp","href":"https:\/\/api.w.org\/{rel}","templated":true}]}}